{"id":10546,"date":"2019-01-24T15:10:23","date_gmt":"2019-01-24T17:10:23","guid":{"rendered":"https:\/\/avicoladovale.com.br\/granja\/?page_id=10546"},"modified":"2023-08-15T12:48:03","modified_gmt":"2023-08-15T15:48:03","slug":"institucional","status":"publish","type":"page","link":"https:\/\/avicoladovale.com.br\/granja\/institucional\/","title":{"rendered":"INSTITUCIONAL"},"content":{"rendered":"<p>[vc_row row_type=&#8221;2&#8243; blox_image=&#8221;11252&#8243; align_center=&#8221;aligncenter&#8221; page_title=&#8221;page-title-x&#8221; blox_dark=&#8221;true&#8221; row_pattern=&#8221;max-pat2&#8243;][vc_column css=&#8221;.vc_custom_1548359260240{margin-bottom: -13px !important;}&#8221;]<hr class=\"vertical-space2\">[vc_column_text]<\/p>\n<h2 style=\"text-align: left;\"><span style=\"color: #ffffff;\"><strong>QUEM SOMOS<\/strong><\/span><\/h2>\n<p>[\/vc_column_text]<hr class=\"vertical-space2\">[\/vc_column][\/vc_row][vc_row][vc_column css=&#8221;.vc_custom_1455626063305{margin-top: -8px !important;margin-bottom: -22px !important;}&#8221;]<hr class=\"vertical-space3\">\n\t<div class=\"subtitle-element subtitle-element1\">\n\t\t<h4>UM POUCO DE <strong>NOSSA HOST\u00d3RIA <\/strong><\/h4>\n\t<\/div>[vc_column_text]<\/p>\n<h5>Genuinamente baiana, surge em 2016 no interior da Bahia a granja Av\u00edcola do Vale. Situada na zona rural do munic\u00edpio de Sapea\u00e7u, percebeu-se atrav\u00e9s do sonho do seu propriet\u00e1rio a necessidade de trazer aquele local, uma empresa que contribu\u00edsse para o desenvolvimento socioecon\u00f4mico da regi\u00e3o e principalmente que, atrav\u00e9s da tecnologia, dedica\u00e7\u00e3o e persist\u00eancia de um grupo, pudessem ser produzidos ovos com a mais alta qualidade.<\/h5>\n<h5>Desde ent\u00e3o, sempre buscando inovar e crescer, tendo como maior foco a qualidade do seu produto, hoje a Av\u00edcola do Vale conta com um sistema totalmente automatizado de produ\u00e7\u00e3o que juntamente com os seus colaboradores, produzem essa importante prote\u00edna que alimenta a popula\u00e7\u00e3o baiana todos os dias.<\/h5>\n<h5>Contamos com profissionais capacitados e com um programa de biosseguridade impec\u00e1vel sendo, a nutri\u00e7\u00e3o, sanidade e manejo os tr\u00eas principais fortes elos que conduzem a produ\u00e7\u00e3o de ovos com alto valor nutricional, seguran\u00e7a alimentar e bem estar animal respectivamente.<\/h5>\n<h5>Hoje, devidamente inspecionada pelo sistema de inspe\u00e7\u00e3o estadual (SIE), a Av\u00edcola do Vale tem orgulho de oferecer aos seus clientes um produto com selo de qualidade e atrav\u00e9s destes parceiros, distribuir essa prote\u00edna t\u00e3o importante para a nutri\u00e7\u00e3o humana.<\/h5>\n<p>[\/vc_column_text]\n\t<div class=\"subtitle-element subtitle-element1\">\n\t\t<h4>NOSSA <strong>MISS\u00c3O<\/strong><\/h4>\n\t<\/div>[vc_column_text]<\/p>\n<h5>Produzir ovos de forma transparente, segura e r\u00e1pida, garantindo qualidade para o consumidor.<\/h5>\n<p>[\/vc_column_text]\n\t<div class=\"subtitle-element subtitle-element1\">\n\t\t<h4>NOSSA <strong>VIS\u00c3O<\/strong><\/h4>\n\t<\/div>[vc_column_text]<\/p>\n<h5>Fortalecer o mercado produtor de ovos da Bahia e ser refer\u00eancia no setor:<\/h5>\n<h5><a href=\"https:\/\/avicoladovale.com.br\/granja\/wp-content\/uploads\/2021\/11\/icone-ovo.png\"><img loading=\"lazy\" class=\"alignnone wp-image-11427\" src=\"https:\/\/avicoladovale.com.br\/granja\/wp-content\/uploads\/2021\/11\/icone-ovo.png\" alt=\"\" width=\"15\" height=\"15\" \/><\/a> Pela excel\u00eancia no abastecimento do mercado;<\/h5>\n<h5><a href=\"https:\/\/avicoladovale.com.br\/granja\/wp-content\/uploads\/2021\/11\/icone-ovo.png\"><img loading=\"lazy\" class=\"alignnone wp-image-11427\" src=\"https:\/\/avicoladovale.com.br\/granja\/wp-content\/uploads\/2021\/11\/icone-ovo.png\" alt=\"\" width=\"15\" height=\"15\" \/><\/a> Pela gera\u00e7\u00e3o de empregos;<\/h5>\n<h5><a href=\"https:\/\/avicoladovale.com.br\/granja\/wp-content\/uploads\/2021\/11\/icone-ovo.png\"><img loading=\"lazy\" class=\"alignnone wp-image-11427\" src=\"https:\/\/avicoladovale.com.br\/granja\/wp-content\/uploads\/2021\/11\/icone-ovo.png\" alt=\"\" width=\"15\" height=\"15\" \/><\/a> Por colaborar com o desenvolvimento local;<\/h5>\n<h5><a href=\"https:\/\/avicoladovale.com.br\/granja\/wp-content\/uploads\/2021\/11\/icone-ovo.png\"><img loading=\"lazy\" class=\"alignnone wp-image-11427\" src=\"https:\/\/avicoladovale.com.br\/granja\/wp-content\/uploads\/2021\/11\/icone-ovo.png\" alt=\"\" width=\"15\" height=\"15\" \/> <\/a>Por sua tecnologia de ponta;<\/h5>\n<h5><a href=\"https:\/\/avicoladovale.com.br\/granja\/wp-content\/uploads\/2021\/11\/icone-ovo.png\"><img loading=\"lazy\" class=\"alignnone wp-image-11427\" src=\"https:\/\/avicoladovale.com.br\/granja\/wp-content\/uploads\/2021\/11\/icone-ovo.png\" alt=\"\" width=\"15\" height=\"15\" \/> <\/a>Pelo compromisso em atender aos padr\u00f5es legais de qualidade t\u00e9cnica e nutricional.<\/h5>\n<p>[\/vc_column_text]\n\t<div class=\"subtitle-element subtitle-element1\">\n\t\t<h4>NOSSOS <strong>VALORES<\/strong><\/h4>\n\t<\/div>[vc_column_text]<\/p>\n<h5>Os princ\u00edpios que orientam nossas decis\u00f5es e nossa miss\u00e3o enquanto empresa e profissionais s\u00e3o:<\/h5>\n<h5><a href=\"https:\/\/avicoladovale.com.br\/granja\/wp-content\/uploads\/2021\/11\/icone-ovo.png\"><img loading=\"lazy\" class=\"alignnone wp-image-11427\" src=\"https:\/\/avicoladovale.com.br\/granja\/wp-content\/uploads\/2021\/11\/icone-ovo.png\" alt=\"\" width=\"15\" height=\"15\" \/> <\/a>Respeito<\/h5>\n<h5><a href=\"https:\/\/avicoladovale.com.br\/granja\/wp-content\/uploads\/2021\/11\/icone-ovo.png\"><img loading=\"lazy\" class=\"alignnone wp-image-11427\" src=\"https:\/\/avicoladovale.com.br\/granja\/wp-content\/uploads\/2021\/11\/icone-ovo.png\" alt=\"\" width=\"15\" height=\"15\" \/> <\/a>\u00c9tica<\/h5>\n<h5><a href=\"https:\/\/avicoladovale.com.br\/granja\/wp-content\/uploads\/2021\/11\/icone-ovo.png\"><img loading=\"lazy\" class=\"alignnone wp-image-11427\" src=\"https:\/\/avicoladovale.com.br\/granja\/wp-content\/uploads\/2021\/11\/icone-ovo.png\" alt=\"\" width=\"15\" height=\"15\" \/> <\/a>Trabalho em Equipe<\/h5>\n<h5><a href=\"https:\/\/avicoladovale.com.br\/granja\/wp-content\/uploads\/2021\/11\/icone-ovo.png\"><img loading=\"lazy\" class=\"alignnone wp-image-11427\" src=\"https:\/\/avicoladovale.com.br\/granja\/wp-content\/uploads\/2021\/11\/icone-ovo.png\" alt=\"\" width=\"15\" height=\"15\" \/> <\/a>Responsabilidade<\/h5>\n<h5><a href=\"https:\/\/avicoladovale.com.br\/granja\/wp-content\/uploads\/2021\/11\/icone-ovo.png\"><img loading=\"lazy\" class=\"alignnone wp-image-11427\" src=\"https:\/\/avicoladovale.com.br\/granja\/wp-content\/uploads\/2021\/11\/icone-ovo.png\" alt=\"\" width=\"15\" height=\"15\" \/> <\/a>Flexibilidade<\/h5>\n<p>[\/vc_column_text]<hr class=\"vertical-space1\">[vc_separator style=&#8221;shadow&#8221; border_width=&#8221;3&#8243;][\/vc_column][\/vc_row]<\/p>\n","protected":false},"excerpt":{"rendered":"<p>[vc_row row_type=&#8221;2&#8243; blox_image=&#8221;11252&#8243; align_center=&#8221;aligncenter&#8221; page_title=&#8221;page-title-x&#8221; blox_dark=&#8221;true&#8221; row_pattern=&#8221;max-pat2&#8243;][vc_column css=&#8221;.vc_custom_1548359260240{margin-bottom: -13px !important;}&#8221;][vc_column_text] QUEM SOMOS [\/vc_column_text][\/vc_column][\/vc_row][vc_row][vc_column css=&#8221;.vc_custom_1455626063305{margin-top: -8px !important;margin-bottom: -22px !important;}&#8221;][vc_column_text] Genuinamente baiana, surge em 2016 no interior da Bahia a granja Av\u00edcola do Vale. Situada na zona rural do munic\u00edpio de Sapea\u00e7u, percebeu-se atrav\u00e9s do sonho do seu propriet\u00e1rio a necessidade de trazer aquele local, uma empresa que contribu\u00edsse para o desenvolvimento socioecon\u00f4mico da regi\u00e3o e principalmente que, atrav\u00e9s da tecnologia, dedica\u00e7\u00e3o e persist\u00eancia de um grupo, pudessem ser produzidos ovos com a mais alta qualidade. Desde ent\u00e3o, sempre buscando inovar e crescer, tendo como maior foco a qualidade do seu produto, hoje a Av\u00edcola do Vale conta com um sistema totalmente automatizado de produ\u00e7\u00e3o que juntamente com os seus colaboradores, produzem essa importante prote\u00edna que alimenta a popula\u00e7\u00e3o baiana todos os dias. Contamos com profissionais capacitados e com um programa de biosseguridade impec\u00e1vel sendo, a nutri\u00e7\u00e3o, sanidade e manejo os tr\u00eas principais fortes elos que conduzem a produ\u00e7\u00e3o de ovos com alto valor nutricional, seguran\u00e7a alimentar e bem estar animal respectivamente. Hoje, devidamente inspecionada pelo sistema de inspe\u00e7\u00e3o estadual (SIE), a Av\u00edcola do Vale tem orgulho de oferecer aos seus clientes um produto com selo de qualidade e atrav\u00e9s destes parceiros, distribuir essa prote\u00edna t\u00e3o importante para a nutri\u00e7\u00e3o humana. [\/vc_column_text][vc_column_text] Produzir ovos de forma transparente, segura e r\u00e1pida, garantindo qualidade para o consumidor. [\/vc_column_text][vc_column_text] Fortalecer o mercado produtor de ovos da Bahia e ser refer\u00eancia no setor: Pela excel\u00eancia no abastecimento do mercado; Pela gera\u00e7\u00e3o de empregos; Por colaborar com o desenvolvimento local; Por sua tecnologia de ponta; Pelo compromisso em atender aos padr\u00f5es legais de qualidade t\u00e9cnica e nutricional. [\/vc_column_text][vc_column_text] Os princ\u00edpios que orientam nossas decis\u00f5es e nossa miss\u00e3o enquanto empresa e profissionais s\u00e3o: Respeito \u00c9tica Trabalho em Equipe Responsabilidade Flexibilidade [\/vc_column_text][vc_separator style=&#8221;shadow&#8221; border_width=&#8221;3&#8243;][\/vc_column][\/vc_row]<\/p>\n","protected":false},"author":1,"featured_media":0,"parent":0,"menu_order":0,"comment_status":"closed","ping_status":"closed","template":"","meta":[],"_links":{"self":[{"href":"https:\/\/avicoladovale.com.br\/granja\/wp-json\/wp\/v2\/pages\/10546"}],"collection":[{"href":"https:\/\/avicoladovale.com.br\/granja\/wp-json\/wp\/v2\/pages"}],"about":[{"href":"https:\/\/avicoladovale.com.br\/granja\/wp-json\/wp\/v2\/types\/page"}],"author":[{"embeddable":true,"href":"https:\/\/avicoladovale.com.br\/granja\/wp-json\/wp\/v2\/users\/1"}],"replies":[{"embeddable":true,"href":"https:\/\/avicoladovale.com.br\/granja\/wp-json\/wp\/v2\/comments?post=10546"}],"version-history":[{"count":72,"href":"https:\/\/avicoladovale.com.br\/granja\/wp-json\/wp\/v2\/pages\/10546\/revisions"}],"predecessor-version":[{"id":12193,"href":"https:\/\/avicoladovale.com.br\/granja\/wp-json\/wp\/v2\/pages\/10546\/revisions\/12193"}],"wp:attachment":[{"href":"https:\/\/avicoladovale.com.br\/granja\/wp-json\/wp\/v2\/media?parent=10546"}],"curies":[{"name":"wp","href":"https:\/\/api.w.org\/{rel}","templated":true}]}}